{"id":1819,"date":"2024-09-06T11:06:18","date_gmt":"2024-09-06T11:06:18","guid":{"rendered":"https:\/\/www.mikrotrgovina.hr\/?post_type=product&#038;p=1819"},"modified":"2025-11-10T08:00:53","modified_gmt":"2025-11-10T08:00:53","slug":"alu-posuda-s-pokl-925ml-100-1","status":"publish","type":"product","link":"https:\/\/www.mikrotrgovina.hr\/en\/proizvodi\/alu-posuda-s-pokl-925ml-100-1\/","title":{"rendered":"ALU POSUDA s POKLOPCEM 925ml 100\/1"},"content":{"rendered":"<p>UGO ALU POSUDA s POKLOPCEM 925 ml 100\/1<br \/>\nDimenzija: 202x137x50mm<br \/>\nIzra\u0111ena od visokokvalitetnog aluminija, ova posuda osigurava izdr\u017eljivost i \u010dvrsto\u0107u. Poklopac pru\u017ea sigurno zatvaranje, \u010duvaju\u0107i svje\u017einu hrane<br \/>\nSvestranost ove posude \u010dini je idealnom za razne vrste hrane, od toplih jela do hladnih salata<br \/>\nAluminijska posuda \u010dini \u010duvanje hrane prakti\u010dnim i jednostavnim<br \/>\nJedno pakiranje sadr\u017ei 100 komada posudica i 100 komada poklopaca<\/p>\n<p>*slike su informativnog karaktera te ne moraju u potpunosti odgovarati stvarnom izgledu proizvoda<\/p>","protected":false},"excerpt":{"rendered":"<p>UGO ALU POSUDA s POKLOPCEM 925 ml 100\/1 Dimenzija: 202x137x50mm Izra\u0111ena od visokokvalitetnog aluminija, ova posuda osigurava izdr\u017eljivost i \u010dvrsto\u0107u. Poklopac pru\u017ea sigurno zatvaranje, \u010duvaju\u0107i svje\u017einu hrane Svestranost ove posude \u010dini je idealnom za razne vrste hrane, od toplih jela do hladnih salata Aluminijska posuda \u010dini \u010duvanje hrane prakti\u010dnim i jednostavnim Jedno pakiranje sadr\u017ei 100 [&hellip;]<\/p>","protected":false},"featured_media":1794,"comment_status":"open","ping_status":"closed","template":"","meta":{"_sitemap_exclude":false,"_sitemap_priority":"","_sitemap_frequency":""},"product_brand":[],"product_cat":[38],"product_tag":[],"class_list":{"0":"post-1819","1":"product","2":"type-product","3":"status-publish","4":"has-post-thumbnail","6":"product_cat-aluminijske-posude","8":"first","9":"instock","10":"taxable","11":"shipping-taxable","12":"purchasable","13":"product-type-simple"},"_links":{"self":[{"href":"https:\/\/www.mikrotrgovina.hr\/en\/wp-json\/wp\/v2\/product\/1819","targetHints":{"allow":["GET"]}}],"collection":[{"href":"https:\/\/www.mikrotrgovina.hr\/en\/wp-json\/wp\/v2\/product"}],"about":[{"href":"https:\/\/www.mikrotrgovina.hr\/en\/wp-json\/wp\/v2\/types\/product"}],"replies":[{"embeddable":true,"href":"https:\/\/www.mikrotrgovina.hr\/en\/wp-json\/wp\/v2\/comments?post=1819"}],"wp:featuredmedia":[{"embeddable":true,"href":"https:\/\/www.mikrotrgovina.hr\/en\/wp-json\/wp\/v2\/media\/1794"}],"wp:attachment":[{"href":"https:\/\/www.mikrotrgovina.hr\/en\/wp-json\/wp\/v2\/media?parent=1819"}],"wp:term":[{"taxonomy":"product_brand","embeddable":true,"href":"https:\/\/www.mikrotrgovina.hr\/en\/wp-json\/wp\/v2\/product_brand?post=1819"},{"taxonomy":"product_cat","embeddable":true,"href":"https:\/\/www.mikrotrgovina.hr\/en\/wp-json\/wp\/v2\/product_cat?post=1819"},{"taxonomy":"product_tag","embeddable":true,"href":"https:\/\/www.mikrotrgovina.hr\/en\/wp-json\/wp\/v2\/product_tag?post=1819"}],"curies":[{"name":"wp","href":"https:\/\/api.w.org\/{rel}","templated":true}]}}