{"id":1429,"date":"2024-03-08T07:49:58","date_gmt":"2024-03-08T07:49:58","guid":{"rendered":"https:\/\/www.mikrotrgovina.hr\/?post_type=product&#038;p=1429"},"modified":"2025-12-07T23:00:53","modified_gmt":"2025-12-07T23:00:53","slug":"plata-mala-dno-poklopac-1-1","status":"publish","type":"product","link":"https:\/\/www.mikrotrgovina.hr\/en\/proizvodi\/plata-mala-dno-poklopac-1-1\/","title":{"rendered":"PLATA MALA 350 dno + poklopac  1\/1"},"content":{"rendered":"<p>PLATA MALA 350 dno + poklopac  1\/1<br \/>\nPET posuda s crnim dnom 350x260mm, idealna je za elegantno poslu\u017eivanje kola\u010da i slastica. Izra\u0111ena od visokokvalitetne PET plastike, ova posuda kombinira sofisticiran dizajn s prakti\u010dno\u0161\u0107u<br \/>\nCrno dno dodaje dozu elegancije i nagla\u0161ava prezentaciju kola\u010da, stvaraju\u0107i atraktivan vizualni dojam<br \/>\nPoklopac za crnu platu dimenzija 350&#215;260 mm, savr\u0161eno nadopunjuje va\u0161u elegantnu prezentaciju kola\u010da i slastica<br \/>\nIzra\u0111en od visokokvalitetne plastike, ovaj poklopac pru\u017ea za\u0161titu i \u010duva svje\u017einu va\u0161ih poslastica<br \/>\nCrna boja dodaje sofisticiranost i estetski dojam<\/p>\n<p>*slike su informativnog karaktera te ne moraju u potpunosti odgovarati stvarnom izgledu proizvoda<\/p>","protected":false},"excerpt":{"rendered":"<p>PLATA MALA 350 dno + poklopac 1\/1 PET posuda s crnim dnom 350x260mm, idealna je za elegantno poslu\u017eivanje kola\u010da i slastica. Izra\u0111ena od visokokvalitetne PET plastike, ova posuda kombinira sofisticiran dizajn s prakti\u010dno\u0161\u0107u Crno dno dodaje dozu elegancije i nagla\u0161ava prezentaciju kola\u010da, stvaraju\u0107i atraktivan vizualni dojam Poklopac za crnu platu dimenzija 350&#215;260 mm, savr\u0161eno nadopunjuje [&hellip;]<\/p>","protected":false},"featured_media":2358,"comment_status":"open","ping_status":"closed","template":"","meta":{"_sitemap_exclude":false,"_sitemap_priority":"","_sitemap_frequency":""},"product_brand":[],"product_cat":[15],"product_tag":[],"class_list":{"0":"post-1429","1":"product","2":"type-product","3":"status-publish","4":"has-post-thumbnail","6":"product_cat-ambalaza-za-hranu-horeca","8":"first","9":"instock","10":"taxable","11":"shipping-taxable","12":"purchasable","13":"product-type-simple"},"_links":{"self":[{"href":"https:\/\/www.mikrotrgovina.hr\/en\/wp-json\/wp\/v2\/product\/1429","targetHints":{"allow":["GET"]}}],"collection":[{"href":"https:\/\/www.mikrotrgovina.hr\/en\/wp-json\/wp\/v2\/product"}],"about":[{"href":"https:\/\/www.mikrotrgovina.hr\/en\/wp-json\/wp\/v2\/types\/product"}],"replies":[{"embeddable":true,"href":"https:\/\/www.mikrotrgovina.hr\/en\/wp-json\/wp\/v2\/comments?post=1429"}],"wp:featuredmedia":[{"embeddable":true,"href":"https:\/\/www.mikrotrgovina.hr\/en\/wp-json\/wp\/v2\/media\/2358"}],"wp:attachment":[{"href":"https:\/\/www.mikrotrgovina.hr\/en\/wp-json\/wp\/v2\/media?parent=1429"}],"wp:term":[{"taxonomy":"product_brand","embeddable":true,"href":"https:\/\/www.mikrotrgovina.hr\/en\/wp-json\/wp\/v2\/product_brand?post=1429"},{"taxonomy":"product_cat","embeddable":true,"href":"https:\/\/www.mikrotrgovina.hr\/en\/wp-json\/wp\/v2\/product_cat?post=1429"},{"taxonomy":"product_tag","embeddable":true,"href":"https:\/\/www.mikrotrgovina.hr\/en\/wp-json\/wp\/v2\/product_tag?post=1429"}],"curies":[{"name":"wp","href":"https:\/\/api.w.org\/{rel}","templated":true}]}}