{"id":1418,"date":"2024-03-08T07:01:31","date_gmt":"2024-03-08T07:01:31","guid":{"rendered":"https:\/\/www.mikrotrgovina.hr\/?post_type=product&#038;p=1418"},"modified":"2024-04-03T08:54:53","modified_gmt":"2024-04-03T08:54:53","slug":"drzac-balona-uteg-1-1","status":"publish","type":"product","link":"https:\/\/www.mikrotrgovina.hr\/en\/proizvodi\/drzac-balona-uteg-1-1\/","title":{"rendered":"DR\u017dA\u010c BALONA &#8211; UTEG 1\/1"},"content":{"rendered":"<p>DR\u017dA\u010c BALONA &#8211; UTEG 1\/1<br \/>\nUteg te\u017ei 30g i dizajniran je za dr\u017eanje balona punjenih helijem<br \/>\nJedinstveni izgled privla\u010di pa\u017enju i dodaje vrijednost balonima punjenim helijem<\/p>\n<p>*slike su informativnog karaktera te ne moraju u potpunosti odgovarati stvarnom izgledu proizvoda<\/p>","protected":false},"excerpt":{"rendered":"<p>DR\u017dA\u010c BALONA &#8211; UTEG 1\/1 Uteg te\u017ei 30g i dizajniran je za dr\u017eanje balona punjenih helijem Jedinstveni izgled privla\u010di pa\u017enju i dodaje vrijednost balonima punjenim helijem *slike su informativnog karaktera te ne moraju u potpunosti odgovarati stvarnom izgledu proizvoda<\/p>","protected":false},"featured_media":1734,"comment_status":"open","ping_status":"closed","template":"","meta":{"_sitemap_exclude":false,"_sitemap_priority":"","_sitemap_frequency":""},"product_brand":[],"product_cat":[32],"product_tag":[],"class_list":{"0":"post-1418","1":"product","2":"type-product","3":"status-publish","4":"has-post-thumbnail","6":"product_cat-party-program","8":"first","9":"instock","10":"taxable","11":"shipping-taxable","12":"purchasable","13":"product-type-simple"},"_links":{"self":[{"href":"https:\/\/www.mikrotrgovina.hr\/en\/wp-json\/wp\/v2\/product\/1418","targetHints":{"allow":["GET"]}}],"collection":[{"href":"https:\/\/www.mikrotrgovina.hr\/en\/wp-json\/wp\/v2\/product"}],"about":[{"href":"https:\/\/www.mikrotrgovina.hr\/en\/wp-json\/wp\/v2\/types\/product"}],"replies":[{"embeddable":true,"href":"https:\/\/www.mikrotrgovina.hr\/en\/wp-json\/wp\/v2\/comments?post=1418"}],"wp:featuredmedia":[{"embeddable":true,"href":"https:\/\/www.mikrotrgovina.hr\/en\/wp-json\/wp\/v2\/media\/1734"}],"wp:attachment":[{"href":"https:\/\/www.mikrotrgovina.hr\/en\/wp-json\/wp\/v2\/media?parent=1418"}],"wp:term":[{"taxonomy":"product_brand","embeddable":true,"href":"https:\/\/www.mikrotrgovina.hr\/en\/wp-json\/wp\/v2\/product_brand?post=1418"},{"taxonomy":"product_cat","embeddable":true,"href":"https:\/\/www.mikrotrgovina.hr\/en\/wp-json\/wp\/v2\/product_cat?post=1418"},{"taxonomy":"product_tag","embeddable":true,"href":"https:\/\/www.mikrotrgovina.hr\/en\/wp-json\/wp\/v2\/product_tag?post=1418"}],"curies":[{"name":"wp","href":"https:\/\/api.w.org\/{rel}","templated":true}]}}