{"id":1404,"date":"2024-03-08T08:52:05","date_gmt":"2024-03-08T08:52:05","guid":{"rendered":"https:\/\/www.mikrotrgovina.hr\/?post_type=product&#038;p=1404"},"modified":"2024-08-01T12:06:17","modified_gmt":"2024-08-01T12:06:17","slug":"balon-folija-br-1-boy-1-1","status":"publish","type":"product","link":"https:\/\/www.mikrotrgovina.hr\/en\/proizvodi\/balon-folija-br-1-boy-1-1\/","title":{"rendered":"BALON FOLIJA BR.1 BOY 1\/1"},"content":{"rendered":"<p>BALON FOLIJA BR.1 BOY 1\/1<br \/>\nBaloni od folije  od 18 in\u010da odn. 45,72cm<br \/>\nSavr\u0161eni baloni za ro\u0111endansku zabavu<br \/>\nOvi baloni su napravljeni od mylar folije. Mylar je poliesterski materijal koji ove artikle \u010dini vrlo otpornima<br \/>\nAko se \u010duvaju na sigurnom, mogu se vi\u0161e puta koristiti<br \/>\nMogu se napuhati plinovitim helijem ili samo zrakom (pomo\u0107u pumpe). Tako\u0111er su opremljeni samoblokiraju\u0107im ventilom koji sprje\u010dava ispu\u0161tanje plina (zraka ili helija) nakon napuhavanja. Kao mjeru opreza, jo\u0161 uvijek preporu\u010damo zatvaranje dovoda plina vezivanjem \u010dvora vrpcom ili kori\u0161tenjem jednog od profesionalnih zatvara\u010da<br \/>\nMylar baloni se mogu i trebaju reciklirati kako bi se za\u0161titio okoli\u0161<\/p>\n<p>Pa\u017enja: Navedene veli\u010dine napuhavanja, sposobnost dizanja i kapacitet plina su konzervativni prosjeci<\/p>\n<p>*slike su informativnog karaktera te ne moraju u potpunosti odgovarati stvarnom izgledu proizvoda<\/p>","protected":false},"excerpt":{"rendered":"<p>BALON FOLIJA BR.1 BOY 1\/1 Baloni od folije od 18 in\u010da odn. 45,72cm Savr\u0161eni baloni za ro\u0111endansku zabavu Ovi baloni su napravljeni od mylar folije. Mylar je poliesterski materijal koji ove artikle \u010dini vrlo otpornima Ako se \u010duvaju na sigurnom, mogu se vi\u0161e puta koristiti Mogu se napuhati plinovitim helijem ili samo zrakom (pomo\u0107u pumpe). [&hellip;]<\/p>","protected":false},"featured_media":1720,"comment_status":"open","ping_status":"closed","template":"","meta":{"_sitemap_exclude":false,"_sitemap_priority":"","_sitemap_frequency":""},"product_brand":[],"product_cat":[32,31],"product_tag":[],"class_list":{"0":"post-1404","1":"product","2":"type-product","3":"status-publish","4":"has-post-thumbnail","6":"product_cat-party-program","7":"product_cat-revolt-party-baloni","9":"first","10":"instock","11":"taxable","12":"shipping-taxable","13":"purchasable","14":"product-type-simple"},"_links":{"self":[{"href":"https:\/\/www.mikrotrgovina.hr\/en\/wp-json\/wp\/v2\/product\/1404","targetHints":{"allow":["GET"]}}],"collection":[{"href":"https:\/\/www.mikrotrgovina.hr\/en\/wp-json\/wp\/v2\/product"}],"about":[{"href":"https:\/\/www.mikrotrgovina.hr\/en\/wp-json\/wp\/v2\/types\/product"}],"replies":[{"embeddable":true,"href":"https:\/\/www.mikrotrgovina.hr\/en\/wp-json\/wp\/v2\/comments?post=1404"}],"wp:featuredmedia":[{"embeddable":true,"href":"https:\/\/www.mikrotrgovina.hr\/en\/wp-json\/wp\/v2\/media\/1720"}],"wp:attachment":[{"href":"https:\/\/www.mikrotrgovina.hr\/en\/wp-json\/wp\/v2\/media?parent=1404"}],"wp:term":[{"taxonomy":"product_brand","embeddable":true,"href":"https:\/\/www.mikrotrgovina.hr\/en\/wp-json\/wp\/v2\/product_brand?post=1404"},{"taxonomy":"product_cat","embeddable":true,"href":"https:\/\/www.mikrotrgovina.hr\/en\/wp-json\/wp\/v2\/product_cat?post=1404"},{"taxonomy":"product_tag","embeddable":true,"href":"https:\/\/www.mikrotrgovina.hr\/en\/wp-json\/wp\/v2\/product_tag?post=1404"}],"curies":[{"name":"wp","href":"https:\/\/api.w.org\/{rel}","templated":true}]}}