{"id":1401,"date":"2024-03-08T10:43:25","date_gmt":"2024-03-08T10:43:25","guid":{"rendered":"https:\/\/www.mikrotrgovina.hr\/?post_type=product&#038;p=1401"},"modified":"2024-08-01T12:01:11","modified_gmt":"2024-08-01T12:01:11","slug":"baloni-blue-mix-20-1","status":"publish","type":"product","link":"https:\/\/www.mikrotrgovina.hr\/en\/proizvodi\/baloni-blue-mix-20-1\/","title":{"rendered":"BALONI BLUE MIX 20\/1"},"content":{"rendered":"<p>BALONI BLUE MIX 20\/1<br \/>\nVeli\u010dina: 30 cm (12&#8243;)<br \/>\nPakiranje sadr\u017ei 20 kom<br \/>\nBaloni su biorazgradivi i od 100% prirodnog lateksa , pogodni za za\u0161titu okoli\u0161a<br \/>\nOvom balonu napunjenom  helijem u zatvorenom prostoru (18\u00b0C) vrijeme plutanja je pribli\u017eno 18 sati<br \/>\nNapunjen zrakom u zatvorenom prostoru (18\u00b0C) trajnost je cca 20 dana<br \/>\nKod napuhavanja lateks balona zrakom ili helijem preporu\u010dujemo napuhavanje dok balon ne dobije oblik suze<br \/>\nPazite da ne budu premalo napuhani (okruglog oblika) ili previ\u0161e (u obliku kru\u0161ke) za maksimalno vrijeme letenja<br \/>\nBaloni od lateksa mogu se zatvoriti vezivanjem u \u010dvorove, vezivanjem vrata balona ili kori\u0161tenjem jednog od zatvara\u010da za balone<\/p>\n<p>* Prikazane dimenzije mogu se malo razlikovati<\/p>\n<p>*slike su informativnog karaktera te ne moraju u potpunosti odgovarati stvarnom izgledu proizvoda<\/p>","protected":false},"excerpt":{"rendered":"<p>BALONI BLUE MIX 20\/1 Veli\u010dina: 30 cm (12&#8243;) Pakiranje sadr\u017ei 20 kom Baloni su biorazgradivi i od 100% prirodnog lateksa , pogodni za za\u0161titu okoli\u0161a Ovom balonu napunjenom helijem u zatvorenom prostoru (18\u00b0C) vrijeme plutanja je pribli\u017eno 18 sati Napunjen zrakom u zatvorenom prostoru (18\u00b0C) trajnost je cca 20 dana Kod napuhavanja lateks balona zrakom [&hellip;]<\/p>","protected":false},"featured_media":1717,"comment_status":"open","ping_status":"closed","template":"","meta":{"_sitemap_exclude":false,"_sitemap_priority":"","_sitemap_frequency":""},"product_brand":[],"product_cat":[32,31],"product_tag":[],"class_list":{"0":"post-1401","1":"product","2":"type-product","3":"status-publish","4":"has-post-thumbnail","6":"product_cat-party-program","7":"product_cat-revolt-party-baloni","9":"first","10":"instock","11":"taxable","12":"shipping-taxable","13":"purchasable","14":"product-type-simple"},"_links":{"self":[{"href":"https:\/\/www.mikrotrgovina.hr\/en\/wp-json\/wp\/v2\/product\/1401","targetHints":{"allow":["GET"]}}],"collection":[{"href":"https:\/\/www.mikrotrgovina.hr\/en\/wp-json\/wp\/v2\/product"}],"about":[{"href":"https:\/\/www.mikrotrgovina.hr\/en\/wp-json\/wp\/v2\/types\/product"}],"replies":[{"embeddable":true,"href":"https:\/\/www.mikrotrgovina.hr\/en\/wp-json\/wp\/v2\/comments?post=1401"}],"wp:featuredmedia":[{"embeddable":true,"href":"https:\/\/www.mikrotrgovina.hr\/en\/wp-json\/wp\/v2\/media\/1717"}],"wp:attachment":[{"href":"https:\/\/www.mikrotrgovina.hr\/en\/wp-json\/wp\/v2\/media?parent=1401"}],"wp:term":[{"taxonomy":"product_brand","embeddable":true,"href":"https:\/\/www.mikrotrgovina.hr\/en\/wp-json\/wp\/v2\/product_brand?post=1401"},{"taxonomy":"product_cat","embeddable":true,"href":"https:\/\/www.mikrotrgovina.hr\/en\/wp-json\/wp\/v2\/product_cat?post=1401"},{"taxonomy":"product_tag","embeddable":true,"href":"https:\/\/www.mikrotrgovina.hr\/en\/wp-json\/wp\/v2\/product_tag?post=1401"}],"curies":[{"name":"wp","href":"https:\/\/api.w.org\/{rel}","templated":true}]}}