{"id":1400,"date":"2024-03-08T10:01:58","date_gmt":"2024-03-08T10:01:58","guid":{"rendered":"https:\/\/www.mikrotrgovina.hr\/?post_type=product&#038;p=1400"},"modified":"2024-08-01T12:05:03","modified_gmt":"2024-08-01T12:05:03","slug":"baloni-srca-fuksija-10-1","status":"publish","type":"product","link":"https:\/\/www.mikrotrgovina.hr\/en\/proizvodi\/baloni-srca-fuksija-10-1\/","title":{"rendered":"BALONI SRCA FUKSIJA 10\/1"},"content":{"rendered":"<p>BALONI SRCA FUKSIJA 10\/1<br \/>\nPromjer: 25 cm<br \/>\nPakiranje sadr\u017ei 10 kom<br \/>\nOvom balonu napunjenom helijem u zatvorenom okru\u017eenju (18\u00b0C) vrijeme plutanja je pribli\u017eno 16 sati<br \/>\nNapunjen zrakom u zatvorenom prostoru (18\u00b0C) trajnost je cca 20 dana<br \/>\nBaloni od lateksa mogu se zatvoriti vezivanjem \u010dvorova, vezivanjem vrata balona ili kori\u0161tenjem jednog od zatvara\u010da za balone<br \/>\nBaloni su od 100% prirodnog latexa , a laboratorijski nalazi dokazuju njihovu biorazgradivost<\/p>\n<p>* Prikazane dimenzije mogu se malo razlikovati<\/p>\n<p>*slike su informativnog karaktera te ne moraju u potpunosti odgovarati stvarnom izgledu proizvoda<\/p>","protected":false},"excerpt":{"rendered":"<p>BALONI SRCA FUKSIJA 10\/1 Promjer: 25 cm Pakiranje sadr\u017ei 10 kom Ovom balonu napunjenom helijem u zatvorenom okru\u017eenju (18\u00b0C) vrijeme plutanja je pribli\u017eno 16 sati Napunjen zrakom u zatvorenom prostoru (18\u00b0C) trajnost je cca 20 dana Baloni od lateksa mogu se zatvoriti vezivanjem \u010dvorova, vezivanjem vrata balona ili kori\u0161tenjem jednog od zatvara\u010da za balone Baloni [&hellip;]<\/p>","protected":false},"featured_media":1716,"comment_status":"open","ping_status":"closed","template":"","meta":{"_sitemap_exclude":false,"_sitemap_priority":"","_sitemap_frequency":""},"product_brand":[],"product_cat":[32,31],"product_tag":[],"class_list":{"0":"post-1400","1":"product","2":"type-product","3":"status-publish","4":"has-post-thumbnail","6":"product_cat-party-program","7":"product_cat-revolt-party-baloni","9":"first","10":"instock","11":"taxable","12":"shipping-taxable","13":"purchasable","14":"product-type-simple"},"_links":{"self":[{"href":"https:\/\/www.mikrotrgovina.hr\/en\/wp-json\/wp\/v2\/product\/1400","targetHints":{"allow":["GET"]}}],"collection":[{"href":"https:\/\/www.mikrotrgovina.hr\/en\/wp-json\/wp\/v2\/product"}],"about":[{"href":"https:\/\/www.mikrotrgovina.hr\/en\/wp-json\/wp\/v2\/types\/product"}],"replies":[{"embeddable":true,"href":"https:\/\/www.mikrotrgovina.hr\/en\/wp-json\/wp\/v2\/comments?post=1400"}],"wp:featuredmedia":[{"embeddable":true,"href":"https:\/\/www.mikrotrgovina.hr\/en\/wp-json\/wp\/v2\/media\/1716"}],"wp:attachment":[{"href":"https:\/\/www.mikrotrgovina.hr\/en\/wp-json\/wp\/v2\/media?parent=1400"}],"wp:term":[{"taxonomy":"product_brand","embeddable":true,"href":"https:\/\/www.mikrotrgovina.hr\/en\/wp-json\/wp\/v2\/product_brand?post=1400"},{"taxonomy":"product_cat","embeddable":true,"href":"https:\/\/www.mikrotrgovina.hr\/en\/wp-json\/wp\/v2\/product_cat?post=1400"},{"taxonomy":"product_tag","embeddable":true,"href":"https:\/\/www.mikrotrgovina.hr\/en\/wp-json\/wp\/v2\/product_tag?post=1400"}],"curies":[{"name":"wp","href":"https:\/\/api.w.org\/{rel}","templated":true}]}}