{"id":1379,"date":"2024-02-15T11:59:56","date_gmt":"2024-02-15T11:59:56","guid":{"rendered":"https:\/\/www.mikrotrgovina.hr\/?post_type=product&#038;p=1379"},"modified":"2025-10-17T05:13:21","modified_gmt":"2025-10-17T05:13:21","slug":"ice-fountain-color-12cm-4-1","status":"publish","type":"product","link":"https:\/\/www.mikrotrgovina.hr\/en\/proizvodi\/ice-fountain-color-12cm-4-1\/","title":{"rendered":"ICE FOUNTAIN COLOR 12CM 4\/1"},"content":{"rendered":"<p>ICE FOUNTAIN COLOR 4\/1<br \/>\nTrajanje: 40 sec<br \/>\nIce fontane u boji savr\u0161ene su za stvaranje \u010darobne atmosfere na ro\u0111endanima, vjen\u010danjima i drugim proslavama<br \/>\nKategorija F1<br \/>\nZabranjena prodaja osobama mla\u0111im od 14 godina<br \/>\nDozvoljena upotreba u zatvorenim prostorima<br \/>\nUpute za uporabu:<br \/>\nStoje\u0107i sa strane, upalite pokrovni papir, te se odmah udaljite najmanje 1 metar<br \/>\nFontanu dr\u017eite usmjereno od tijela, drugih ljudi i zapaljivih materijala<br \/>\nU slu\u010daju zatajenja ne uzimati u ruke , nakon 15 min. zaliti obilno vodom<br \/>\nJedno pakiranje sadr\u017ei 4 kom<\/p>\n<p>*slike su informativnog karaktera te ne moraju u potpunosti odgovarati stvarnom izgledu proizvoda<\/p>","protected":false},"excerpt":{"rendered":"<p>ICE FOUNTAIN COLOR 4\/1 Trajanje: 40 sec Ice fontane u boji savr\u0161ene su za stvaranje \u010darobne atmosfere na ro\u0111endanima, vjen\u010danjima i drugim proslavama Kategorija F1 Zabranjena prodaja osobama mla\u0111im od 14 godina Dozvoljena upotreba u zatvorenim prostorima Upute za uporabu: Stoje\u0107i sa strane, upalite pokrovni papir, te se odmah udaljite najmanje 1 metar Fontanu dr\u017eite [&hellip;]<\/p>","protected":false},"featured_media":1710,"comment_status":"open","ping_status":"closed","template":"","meta":{"_sitemap_exclude":false,"_sitemap_priority":"","_sitemap_frequency":""},"product_brand":[],"product_cat":[32],"product_tag":[],"class_list":{"0":"post-1379","1":"product","2":"type-product","3":"status-publish","4":"has-post-thumbnail","6":"product_cat-party-program","8":"first","9":"instock","10":"taxable","11":"shipping-taxable","12":"purchasable","13":"product-type-simple"},"_links":{"self":[{"href":"https:\/\/www.mikrotrgovina.hr\/en\/wp-json\/wp\/v2\/product\/1379","targetHints":{"allow":["GET"]}}],"collection":[{"href":"https:\/\/www.mikrotrgovina.hr\/en\/wp-json\/wp\/v2\/product"}],"about":[{"href":"https:\/\/www.mikrotrgovina.hr\/en\/wp-json\/wp\/v2\/types\/product"}],"replies":[{"embeddable":true,"href":"https:\/\/www.mikrotrgovina.hr\/en\/wp-json\/wp\/v2\/comments?post=1379"}],"wp:featuredmedia":[{"embeddable":true,"href":"https:\/\/www.mikrotrgovina.hr\/en\/wp-json\/wp\/v2\/media\/1710"}],"wp:attachment":[{"href":"https:\/\/www.mikrotrgovina.hr\/en\/wp-json\/wp\/v2\/media?parent=1379"}],"wp:term":[{"taxonomy":"product_brand","embeddable":true,"href":"https:\/\/www.mikrotrgovina.hr\/en\/wp-json\/wp\/v2\/product_brand?post=1379"},{"taxonomy":"product_cat","embeddable":true,"href":"https:\/\/www.mikrotrgovina.hr\/en\/wp-json\/wp\/v2\/product_cat?post=1379"},{"taxonomy":"product_tag","embeddable":true,"href":"https:\/\/www.mikrotrgovina.hr\/en\/wp-json\/wp\/v2\/product_tag?post=1379"}],"curies":[{"name":"wp","href":"https:\/\/api.w.org\/{rel}","templated":true}]}}