{"id":1378,"date":"2024-02-15T12:06:15","date_gmt":"2024-02-15T12:06:15","guid":{"rendered":"https:\/\/www.mikrotrgovina.hr\/?post_type=product&#038;p=1378"},"modified":"2024-07-09T08:44:39","modified_gmt":"2024-07-09T08:44:39","slug":"crystal-fountain-4-1","status":"publish","type":"product","link":"https:\/\/www.mikrotrgovina.hr\/en\/proizvodi\/crystal-fountain-4-1\/","title":{"rendered":"CRYSTAL FOUNTAIN 4\/1"},"content":{"rendered":"<p>CRYSTAL FOUNTAIN  4\/1<br \/>\nTrajanje: 45 sec<br \/>\nCrystal Fountain je idealna za stvaranje \u010darobne atmosfere na ro\u0111endanima, vjen\u010danjima i svim drugim privatnim ili poslovnim proslavama<br \/>\nKategorija F1<br \/>\nZabranjena prodaja osobama mla\u0111im od 14 godina<br \/>\nDozvoljena upotreba u zatvorenim prostorima<br \/>\nUpute za uporabu:<br \/>\nStoje\u0107i sa strane, upalite pokrovni papir, te se odmah udaljite najmanje 1 metar<br \/>\nFontanu dr\u017eite usmjereno od tijela, drugih ljudi i zapaljivih materijala<br \/>\nU slu\u010daju zatajenja ne uzimati u ruke , nakon 15 min. zaliti obilno vodom<br \/>\nJedno pakiranje sadr\u017ei 4 kom<\/p>\n<p>*slike su informativnog karaktera te ne moraju u potpunosti odgovarati stvarnom izgledu proizvoda<\/p>","protected":false},"excerpt":{"rendered":"<p>CRYSTAL FOUNTAIN 4\/1 Trajanje: 45 sec Crystal Fountain je idealna za stvaranje \u010darobne atmosfere na ro\u0111endanima, vjen\u010danjima i svim drugim privatnim ili poslovnim proslavama Kategorija F1 Zabranjena prodaja osobama mla\u0111im od 14 godina Dozvoljena upotreba u zatvorenim prostorima Upute za uporabu: Stoje\u0107i sa strane, upalite pokrovni papir, te se odmah udaljite najmanje 1 metar Fontanu [&hellip;]<\/p>","protected":false},"featured_media":1708,"comment_status":"open","ping_status":"closed","template":"","meta":{"_sitemap_exclude":false,"_sitemap_priority":"","_sitemap_frequency":""},"product_brand":[],"product_cat":[32],"product_tag":[],"class_list":{"0":"post-1378","1":"product","2":"type-product","3":"status-publish","4":"has-post-thumbnail","6":"product_cat-party-program","8":"first","9":"instock","10":"taxable","11":"shipping-taxable","12":"purchasable","13":"product-type-simple"},"_links":{"self":[{"href":"https:\/\/www.mikrotrgovina.hr\/en\/wp-json\/wp\/v2\/product\/1378","targetHints":{"allow":["GET"]}}],"collection":[{"href":"https:\/\/www.mikrotrgovina.hr\/en\/wp-json\/wp\/v2\/product"}],"about":[{"href":"https:\/\/www.mikrotrgovina.hr\/en\/wp-json\/wp\/v2\/types\/product"}],"replies":[{"embeddable":true,"href":"https:\/\/www.mikrotrgovina.hr\/en\/wp-json\/wp\/v2\/comments?post=1378"}],"wp:featuredmedia":[{"embeddable":true,"href":"https:\/\/www.mikrotrgovina.hr\/en\/wp-json\/wp\/v2\/media\/1708"}],"wp:attachment":[{"href":"https:\/\/www.mikrotrgovina.hr\/en\/wp-json\/wp\/v2\/media?parent=1378"}],"wp:term":[{"taxonomy":"product_brand","embeddable":true,"href":"https:\/\/www.mikrotrgovina.hr\/en\/wp-json\/wp\/v2\/product_brand?post=1378"},{"taxonomy":"product_cat","embeddable":true,"href":"https:\/\/www.mikrotrgovina.hr\/en\/wp-json\/wp\/v2\/product_cat?post=1378"},{"taxonomy":"product_tag","embeddable":true,"href":"https:\/\/www.mikrotrgovina.hr\/en\/wp-json\/wp\/v2\/product_tag?post=1378"}],"curies":[{"name":"wp","href":"https:\/\/api.w.org\/{rel}","templated":true}]}}