{"id":1376,"date":"2024-02-15T10:08:32","date_gmt":"2024-02-15T10:08:32","guid":{"rendered":"https:\/\/www.mikrotrgovina.hr\/?post_type=product&#038;p=1376"},"modified":"2025-07-17T12:49:57","modified_gmt":"2025-07-17T12:49:57","slug":"confetti-shooter-30-cm","status":"publish","type":"product","link":"https:\/\/www.mikrotrgovina.hr\/en\/proizvodi\/confetti-shooter-30-cm\/","title":{"rendered":"CONFETTI SHOOTER 30 cm"},"content":{"rendered":"<p>CONFETTI SHOOTER 30 cm<br \/>\nIako proizvod ne sadr\u017ei pirotehni\u010dko punjenje, namijenjen je isklju\u010divo odraslim osobama<br \/>\nConfetti se izbacuju komprimiranim zrakom, te se mogu koristiti i u zatvorenim prostorima<br \/>\nNa\u010din upotrebe: Jednom rukom uhvatite gornji dio spremnika, a drugom rukom okrenite donji dio u smjeru strelica<br \/>\nDr\u017eite podalje od lica , ne ciljajte u ljude ni u predmete<br \/>\nVisina konfeta je 7-8 metara<\/p>\n<p>*slike su informativnog karaktera te ne moraju u potpunosti odgovarati stvarnom izgledu proizvoda<\/p>","protected":false},"excerpt":{"rendered":"<p>CONFETTI SHOOTER 30 cm Iako proizvod ne sadr\u017ei pirotehni\u010dko punjenje, namijenjen je isklju\u010divo odraslim osobama Confetti se izbacuju komprimiranim zrakom, te se mogu koristiti i u zatvorenim prostorima Na\u010din upotrebe: Jednom rukom uhvatite gornji dio spremnika, a drugom rukom okrenite donji dio u smjeru strelica Dr\u017eite podalje od lica , ne ciljajte u ljude ni [&hellip;]<\/p>","protected":false},"featured_media":1754,"comment_status":"open","ping_status":"closed","template":"","meta":{"_sitemap_exclude":false,"_sitemap_priority":"","_sitemap_frequency":""},"product_brand":[],"product_cat":[32],"product_tag":[],"class_list":{"0":"post-1376","1":"product","2":"type-product","3":"status-publish","4":"has-post-thumbnail","6":"product_cat-party-program","8":"first","9":"instock","10":"taxable","11":"shipping-taxable","12":"purchasable","13":"product-type-simple"},"_links":{"self":[{"href":"https:\/\/www.mikrotrgovina.hr\/en\/wp-json\/wp\/v2\/product\/1376","targetHints":{"allow":["GET"]}}],"collection":[{"href":"https:\/\/www.mikrotrgovina.hr\/en\/wp-json\/wp\/v2\/product"}],"about":[{"href":"https:\/\/www.mikrotrgovina.hr\/en\/wp-json\/wp\/v2\/types\/product"}],"replies":[{"embeddable":true,"href":"https:\/\/www.mikrotrgovina.hr\/en\/wp-json\/wp\/v2\/comments?post=1376"}],"wp:featuredmedia":[{"embeddable":true,"href":"https:\/\/www.mikrotrgovina.hr\/en\/wp-json\/wp\/v2\/media\/1754"}],"wp:attachment":[{"href":"https:\/\/www.mikrotrgovina.hr\/en\/wp-json\/wp\/v2\/media?parent=1376"}],"wp:term":[{"taxonomy":"product_brand","embeddable":true,"href":"https:\/\/www.mikrotrgovina.hr\/en\/wp-json\/wp\/v2\/product_brand?post=1376"},{"taxonomy":"product_cat","embeddable":true,"href":"https:\/\/www.mikrotrgovina.hr\/en\/wp-json\/wp\/v2\/product_cat?post=1376"},{"taxonomy":"product_tag","embeddable":true,"href":"https:\/\/www.mikrotrgovina.hr\/en\/wp-json\/wp\/v2\/product_tag?post=1376"}],"curies":[{"name":"wp","href":"https:\/\/api.w.org\/{rel}","templated":true}]}}