{"id":1363,"date":"2024-03-08T13:18:29","date_gmt":"2024-03-08T13:18:29","guid":{"rendered":"https:\/\/www.mikrotrgovina.hr\/?post_type=product&#038;p=1363"},"modified":"2024-08-01T10:54:26","modified_gmt":"2024-08-01T10:54:26","slug":"bio-tanjur-ovalni-2k-10x19-nat","status":"publish","type":"product","link":"https:\/\/www.mikrotrgovina.hr\/en\/proizvodi\/bio-tanjur-ovalni-2k-10x19-nat\/","title":{"rendered":"BIO TANJUR OVALNI 2K 10&#215;19 NATUR 250\/1"},"content":{"rendered":"<p>BIO TANJUR 2K OVAL 10x19cm NATUR 250\/1<br \/>\nHavana kraft karton savr\u0161en za poslu\u017eivanje krumpiri\u0107a, fritulica itd.. Savr\u0161eni su i za popratne umake<br \/>\nOtporan na masno\u0107u 20%<br \/>\nPakiranje sadr\u017ei 250 kom<br \/>\nProizvod je u skladu s va\u017ee\u0107im propisima za kontakt s hranom i kompletni su s certifikatima, tehni\u010dkim podacima i sljedivo\u0161\u0107u<br \/>\n*slike su informativnog karaktera te ne moraju u potpunosti odgovarati stvarnom izgledu proizvoda<\/p>","protected":false},"excerpt":{"rendered":"<p>BIO TANJUR 2K OVAL 10x19cm NATUR 250\/1 Havana kraft karton savr\u0161en za poslu\u017eivanje krumpiri\u0107a, fritulica itd.. Savr\u0161eni su i za popratne umake Otporan na masno\u0107u 20% Pakiranje sadr\u017ei 250 kom Proizvod je u skladu s va\u017ee\u0107im propisima za kontakt s hranom i kompletni su s certifikatima, tehni\u010dkim podacima i sljedivo\u0161\u0107u *slike su informativnog karaktera te [&hellip;]<\/p>","protected":false},"featured_media":0,"comment_status":"open","ping_status":"closed","template":"","meta":{"_sitemap_exclude":false,"_sitemap_priority":"","_sitemap_frequency":""},"product_brand":[],"product_cat":[19,15],"product_tag":[],"class_list":{"0":"post-1363","1":"product","2":"type-product","3":"status-publish","5":"product_cat-ambalaza-za-torte-i-kolace","6":"product_cat-ambalaza-za-hranu-horeca","8":"first","9":"instock","10":"taxable","11":"shipping-taxable","12":"purchasable","13":"product-type-simple"},"_links":{"self":[{"href":"https:\/\/www.mikrotrgovina.hr\/en\/wp-json\/wp\/v2\/product\/1363","targetHints":{"allow":["GET"]}}],"collection":[{"href":"https:\/\/www.mikrotrgovina.hr\/en\/wp-json\/wp\/v2\/product"}],"about":[{"href":"https:\/\/www.mikrotrgovina.hr\/en\/wp-json\/wp\/v2\/types\/product"}],"replies":[{"embeddable":true,"href":"https:\/\/www.mikrotrgovina.hr\/en\/wp-json\/wp\/v2\/comments?post=1363"}],"wp:attachment":[{"href":"https:\/\/www.mikrotrgovina.hr\/en\/wp-json\/wp\/v2\/media?parent=1363"}],"wp:term":[{"taxonomy":"product_brand","embeddable":true,"href":"https:\/\/www.mikrotrgovina.hr\/en\/wp-json\/wp\/v2\/product_brand?post=1363"},{"taxonomy":"product_cat","embeddable":true,"href":"https:\/\/www.mikrotrgovina.hr\/en\/wp-json\/wp\/v2\/product_cat?post=1363"},{"taxonomy":"product_tag","embeddable":true,"href":"https:\/\/www.mikrotrgovina.hr\/en\/wp-json\/wp\/v2\/product_tag?post=1363"}],"curies":[{"name":"wp","href":"https:\/\/api.w.org\/{rel}","templated":true}]}}