{"id":1362,"date":"2024-03-13T10:31:17","date_gmt":"2024-03-13T10:31:17","guid":{"rendered":"https:\/\/www.mikrotrgovina.hr\/?post_type=product&#038;p=1362"},"modified":"2025-07-12T12:05:05","modified_gmt":"2025-07-12T12:05:05","slug":"tanjur-za-pizzu-fi-32-cm-100-1","status":"publish","type":"product","link":"https:\/\/www.mikrotrgovina.hr\/en\/proizvodi\/tanjur-za-pizzu-fi-32-cm-100-1\/","title":{"rendered":"TANJUR za PIZZU fi 32 cm 100\/1"},"content":{"rendered":"<p>BIO TANJUR za PIZZU fi 32 cm 100\/1 NATUR<br \/>\nOtporni i kruti, ovi tanjuri dizajnirani su za poslu\u017eivanje pizze<br \/>\nIzra\u0111eni su od sme\u0111eg kraft kartona i pole\u0111ine od celuloze<br \/>\nMogu se reciklirati<br \/>\nPakiranje sadr\u017ei 100 kom<br \/>\nProizvod je u skladu s va\u017ee\u0107im propisima za kontakt s hranom i sljedivosti<br \/>\n*slike su informativnog karaktera te ne moraju u potpunosti odgovarati stvarnom izgledu proizvoda<\/p>","protected":false},"excerpt":{"rendered":"<p>BIO TANJUR za PIZZU fi 32 cm 100\/1 NATUR Otporni i kruti, ovi tanjuri dizajnirani su za poslu\u017eivanje pizze Izra\u0111eni su od sme\u0111eg kraft kartona i pole\u0111ine od celuloze Mogu se reciklirati Pakiranje sadr\u017ei 100 kom Proizvod je u skladu s va\u017ee\u0107im propisima za kontakt s hranom i sljedivosti *slike su informativnog karaktera te ne [&hellip;]<\/p>","protected":false},"featured_media":1676,"comment_status":"open","ping_status":"closed","template":"","meta":{"_sitemap_exclude":false,"_sitemap_priority":"","_sitemap_frequency":""},"product_brand":[],"product_cat":[15],"product_tag":[],"class_list":{"0":"post-1362","1":"product","2":"type-product","3":"status-publish","4":"has-post-thumbnail","6":"product_cat-ambalaza-za-hranu-horeca","8":"first","9":"instock","10":"taxable","11":"shipping-taxable","12":"purchasable","13":"product-type-simple"},"_links":{"self":[{"href":"https:\/\/www.mikrotrgovina.hr\/en\/wp-json\/wp\/v2\/product\/1362","targetHints":{"allow":["GET"]}}],"collection":[{"href":"https:\/\/www.mikrotrgovina.hr\/en\/wp-json\/wp\/v2\/product"}],"about":[{"href":"https:\/\/www.mikrotrgovina.hr\/en\/wp-json\/wp\/v2\/types\/product"}],"replies":[{"embeddable":true,"href":"https:\/\/www.mikrotrgovina.hr\/en\/wp-json\/wp\/v2\/comments?post=1362"}],"wp:featuredmedia":[{"embeddable":true,"href":"https:\/\/www.mikrotrgovina.hr\/en\/wp-json\/wp\/v2\/media\/1676"}],"wp:attachment":[{"href":"https:\/\/www.mikrotrgovina.hr\/en\/wp-json\/wp\/v2\/media?parent=1362"}],"wp:term":[{"taxonomy":"product_brand","embeddable":true,"href":"https:\/\/www.mikrotrgovina.hr\/en\/wp-json\/wp\/v2\/product_brand?post=1362"},{"taxonomy":"product_cat","embeddable":true,"href":"https:\/\/www.mikrotrgovina.hr\/en\/wp-json\/wp\/v2\/product_cat?post=1362"},{"taxonomy":"product_tag","embeddable":true,"href":"https:\/\/www.mikrotrgovina.hr\/en\/wp-json\/wp\/v2\/product_tag?post=1362"}],"curies":[{"name":"wp","href":"https:\/\/api.w.org\/{rel}","templated":true}]}}