{"id":1314,"date":"2024-01-26T12:06:23","date_gmt":"2024-01-26T12:06:23","guid":{"rendered":"https:\/\/www.mikrotrgovina.hr\/?post_type=product&#038;p=1314"},"modified":"2024-08-01T10:47:53","modified_gmt":"2024-08-01T10:47:53","slug":"pap-cipkasti-podl-fi33cm-250-1","status":"publish","type":"product","link":"https:\/\/www.mikrotrgovina.hr\/en\/proizvodi\/pap-cipkasti-podl-fi33cm-250-1\/","title":{"rendered":"PAPIRNATI \u010cIPKASTI PODL.O\u017dAK fi 33cm 250\/1"},"content":{"rendered":"<p>PAPIRNATI \u010cIPKASTI PODLO\u0160CI fi 33 cm 250\/1<br \/>\n\u010cipkasti podlo\u0161ci izra\u0111eni su od recikliranog kartona i bijele su boje<br \/>\n\u010cipkasti podlo\u0161ci mogu imati izravan kontakt sa suhom i masnom hranom<br \/>\nJedno pakiranje sadr\u017ei 250 kom<\/p>\n<p>*slike su informativnog karaktera te ne moraju u potpunosti odgovarati stvarnom izgledu proizvoda<\/p>","protected":false},"excerpt":{"rendered":"<p>PAPIRNATI \u010cIPKASTI PODLO\u0160CI fi 33 cm 250\/1 \u010cipkasti podlo\u0161ci izra\u0111eni su od recikliranog kartona i bijele su boje \u010cipkasti podlo\u0161ci mogu imati izravan kontakt sa suhom i masnom hranom Jedno pakiranje sadr\u017ei 250 kom *slike su informativnog karaktera te ne moraju u potpunosti odgovarati stvarnom izgledu proizvoda<\/p>","protected":false},"featured_media":0,"comment_status":"open","ping_status":"closed","template":"","meta":{"_sitemap_exclude":false,"_sitemap_priority":"","_sitemap_frequency":""},"product_brand":[],"product_cat":[19,15],"product_tag":[],"class_list":{"0":"post-1314","1":"product","2":"type-product","3":"status-publish","5":"product_cat-ambalaza-za-torte-i-kolace","6":"product_cat-ambalaza-za-hranu-horeca","8":"first","9":"instock","10":"taxable","11":"shipping-taxable","12":"purchasable","13":"product-type-simple"},"_links":{"self":[{"href":"https:\/\/www.mikrotrgovina.hr\/en\/wp-json\/wp\/v2\/product\/1314","targetHints":{"allow":["GET"]}}],"collection":[{"href":"https:\/\/www.mikrotrgovina.hr\/en\/wp-json\/wp\/v2\/product"}],"about":[{"href":"https:\/\/www.mikrotrgovina.hr\/en\/wp-json\/wp\/v2\/types\/product"}],"replies":[{"embeddable":true,"href":"https:\/\/www.mikrotrgovina.hr\/en\/wp-json\/wp\/v2\/comments?post=1314"}],"wp:attachment":[{"href":"https:\/\/www.mikrotrgovina.hr\/en\/wp-json\/wp\/v2\/media?parent=1314"}],"wp:term":[{"taxonomy":"product_brand","embeddable":true,"href":"https:\/\/www.mikrotrgovina.hr\/en\/wp-json\/wp\/v2\/product_brand?post=1314"},{"taxonomy":"product_cat","embeddable":true,"href":"https:\/\/www.mikrotrgovina.hr\/en\/wp-json\/wp\/v2\/product_cat?post=1314"},{"taxonomy":"product_tag","embeddable":true,"href":"https:\/\/www.mikrotrgovina.hr\/en\/wp-json\/wp\/v2\/product_tag?post=1314"}],"curies":[{"name":"wp","href":"https:\/\/api.w.org\/{rel}","templated":true}]}}