{"id":1253,"date":"2023-10-18T10:11:13","date_gmt":"2023-10-18T10:11:13","guid":{"rendered":"https:\/\/www.mikrotrgovina.hr\/?post_type=product&#038;p=1253"},"modified":"2024-09-06T06:52:59","modified_gmt":"2024-09-06T06:52:59","slug":"kart-zl-tacna-8x13-cm-400-1","status":"publish","type":"product","link":"https:\/\/www.mikrotrgovina.hr\/en\/proizvodi\/kart-zl-tacna-8x13-cm-400-1\/","title":{"rendered":"KARTONSKA  ZLATNA TACNA 8&#215;13 cm 400\/1"},"content":{"rendered":"<p>GASTRO KART.ZLATNA TACNA 8&#215;13 cm 400\/1<br \/>\nIzra\u0111ena je od monosjajnog kartona, sadr\u017ei poliesterski film svijetle zlatne boje<br \/>\nProizvod je u skladu s va\u017ee\u0107im propisima o prikladnosti za kontakt s hranom, zajedno s certifikatom, tehni\u010dkim podacima i sljedivosti<br \/>\nDimenzija: 8&#215;13 cm<br \/>\nJedno pakiranje sadr\u017ei 400 kom<\/p>\n<p>*slike su informativnog karaktera te ne moraju u potpunosti odgovarati stvarnom izgledu proizvoda<\/p>","protected":false},"excerpt":{"rendered":"<p>GASTRO KART.ZLATNA TACNA 8&#215;13 cm 400\/1 Izra\u0111ena je od monosjajnog kartona, sadr\u017ei poliesterski film svijetle zlatne boje Proizvod je u skladu s va\u017ee\u0107im propisima o prikladnosti za kontakt s hranom, zajedno s certifikatom, tehni\u010dkim podacima i sljedivosti Dimenzija: 8&#215;13 cm Jedno pakiranje sadr\u017ei 400 kom *slike su informativnog karaktera te ne moraju u potpunosti odgovarati [&hellip;]<\/p>","protected":false},"featured_media":1660,"comment_status":"open","ping_status":"closed","template":"","meta":{"_sitemap_exclude":false,"_sitemap_priority":"","_sitemap_frequency":""},"product_brand":[],"product_cat":[40],"product_tag":[],"class_list":{"0":"post-1253","1":"product","2":"type-product","3":"status-publish","4":"has-post-thumbnail","6":"product_cat-kartonske-zlatne-tacne-i-podmetaci-za-torte-i-kolace","8":"first","9":"instock","10":"taxable","11":"shipping-taxable","12":"purchasable","13":"product-type-simple"},"_links":{"self":[{"href":"https:\/\/www.mikrotrgovina.hr\/en\/wp-json\/wp\/v2\/product\/1253","targetHints":{"allow":["GET"]}}],"collection":[{"href":"https:\/\/www.mikrotrgovina.hr\/en\/wp-json\/wp\/v2\/product"}],"about":[{"href":"https:\/\/www.mikrotrgovina.hr\/en\/wp-json\/wp\/v2\/types\/product"}],"replies":[{"embeddable":true,"href":"https:\/\/www.mikrotrgovina.hr\/en\/wp-json\/wp\/v2\/comments?post=1253"}],"wp:featuredmedia":[{"embeddable":true,"href":"https:\/\/www.mikrotrgovina.hr\/en\/wp-json\/wp\/v2\/media\/1660"}],"wp:attachment":[{"href":"https:\/\/www.mikrotrgovina.hr\/en\/wp-json\/wp\/v2\/media?parent=1253"}],"wp:term":[{"taxonomy":"product_brand","embeddable":true,"href":"https:\/\/www.mikrotrgovina.hr\/en\/wp-json\/wp\/v2\/product_brand?post=1253"},{"taxonomy":"product_cat","embeddable":true,"href":"https:\/\/www.mikrotrgovina.hr\/en\/wp-json\/wp\/v2\/product_cat?post=1253"},{"taxonomy":"product_tag","embeddable":true,"href":"https:\/\/www.mikrotrgovina.hr\/en\/wp-json\/wp\/v2\/product_tag?post=1253"}],"curies":[{"name":"wp","href":"https:\/\/api.w.org\/{rel}","templated":true}]}}