{"id":2,"date":"2022-01-20T12:26:54","date_gmt":"2022-01-20T12:26:54","guid":{"rendered":"http:\/\/localhost\/webshop\/?page_id=2"},"modified":"2024-07-05T10:24:06","modified_gmt":"2024-07-05T10:24:06","slug":"sample-page","status":"publish","type":"page","link":"https:\/\/www.mikrotrgovina.hr\/en\/","title":{"rendered":"O nama"},"content":{"rendered":"<p>Tvrtka MIKRO TRGOVINA d.o.o. osnovana je 01.12.2008. godine. Osnovna djelatnost tvrtke su uvoz i prodaja robe \u0161iroke potro\u0161nje, party programa, potro\u0161nog materijala za ugostiteljstvo te ambala\u017ee za poslu\u017eivanje i dostavu hrane.<\/p>\n\n\n\n<p>Svi se na\u0161i proizvodi redovito testiraju od strane nadle\u017enih ustanova, prije svega zbog sigurnosti potro\u0161a\u010da koji nam svojim povjerenjem daju za pravo vjerovati da smo kao tvrtka na pravom putu, te nas time dodatno obvezuju na maksimalan anga\u017eman s ciljem pobolj\u0161anja svakog segmenta na\u0161eg poslovanja.<\/p>\n\n\n\n<p>Dugoro\u010dni cilj tvrtke u potpunosti je zadovoljiti potrebe kupaca, stoga Vas pozivamo da nam se javite sa svim Va\u0161im prijedlozima, primjedbama, pa i pohvalama,kako bi dru\u017eenje koje je pred nama u\u010dinili \u0161to zabavnijim.<\/p>\n\n\n<\/p>\n<p style=\"text-align: right;\">S po\u0161tovanjem, Va\u0161a MIKRO TRGOVINA<\/p>","protected":false},"excerpt":{"rendered":"<p>Tvrtka MIKRO TRGOVINA d.o.o. osnovana je 01.12.2008. godine. Osnovna djelatnost tvrtke su uvoz i prodaja robe \u0161iroke potro\u0161nje, party programa, potro\u0161nog materijala za ugostiteljstvo te ambala\u017ee za poslu\u017eivanje i dostavu hrane. Svi se na\u0161i proizvodi redovito testiraju od strane nadle\u017enih ustanova, prije svega zbog sigurnosti potro\u0161a\u010da koji nam svojim povjerenjem daju za pravo vjerovati da [&hellip;]<\/p>","protected":false},"author":1,"featured_media":0,"parent":0,"menu_order":0,"comment_status":"closed","ping_status":"open","template":"","meta":{"_sitemap_exclude":false,"_sitemap_priority":"","_sitemap_frequency":"","footnotes":""},"class_list":["post-2","page","type-page","status-publish","hentry"],"_links":{"self":[{"href":"https:\/\/www.mikrotrgovina.hr\/en\/wp-json\/wp\/v2\/pages\/2","targetHints":{"allow":["GET"]}}],"collection":[{"href":"https:\/\/www.mikrotrgovina.hr\/en\/wp-json\/wp\/v2\/pages"}],"about":[{"href":"https:\/\/www.mikrotrgovina.hr\/en\/wp-json\/wp\/v2\/types\/page"}],"author":[{"embeddable":true,"href":"https:\/\/www.mikrotrgovina.hr\/en\/wp-json\/wp\/v2\/users\/1"}],"replies":[{"embeddable":true,"href":"https:\/\/www.mikrotrgovina.hr\/en\/wp-json\/wp\/v2\/comments?post=2"}],"version-history":[{"count":15,"href":"https:\/\/www.mikrotrgovina.hr\/en\/wp-json\/wp\/v2\/pages\/2\/revisions"}],"predecessor-version":[{"id":1576,"href":"https:\/\/www.mikrotrgovina.hr\/en\/wp-json\/wp\/v2\/pages\/2\/revisions\/1576"}],"wp:attachment":[{"href":"https:\/\/www.mikrotrgovina.hr\/en\/wp-json\/wp\/v2\/media?parent=2"}],"curies":[{"name":"wp","href":"https:\/\/api.w.org\/{rel}","templated":true}]}}